{"id":42,"date":"2014-02-22T09:39:56","date_gmt":"2014-02-22T09:39:56","guid":{"rendered":"http:\/\/www.pimedios.com\/wordpress\/evamadrazo\/?page_id=42"},"modified":"2014-03-31T10:29:53","modified_gmt":"2014-03-31T10:29:53","slug":"sesiones-fotograficas-para-bebes","status":"publish","type":"page","link":"https:\/\/www.pimedios.com\/wordpress\/evamadrazo\/sesiones-fotograficas-para-bebes\/","title":{"rendered":"Sesiones fotogr\u00e1ficas para beb\u00e9s"},"content":{"rendered":"<p><img decoding=\"async\" loading=\"lazy\" class=\"textWrap\" alt=\"20131102_Julieta\" src=\"http:\/\/www.pimedios.com\/wordpress\/evamadrazo\/wp-content\/uploads\/sites\/3\/2014\/02\/MG_051720131102-300x200.jpg\" width=\"300\" height=\"200\" class=\"alignnone size-medium wp-image-24\"\/> <\/p>\n<p>Cuando un beb\u00e9 nace un mundo nuevo parece aparecer ante nuestros ojos al mismo tiempo que el mundo anterior parece desajustarse como un rompecabezas que volvemos a iniciar. Aquello que antes era lo m\u00e1s urgente, pasa a ser bastante prescindible, y lo que jam\u00e1s se nos pas\u00f3 por la cabeza toma una importancia vital. Nos quedar\u00edamos horas y horas viendo como cambian los gestos de su cara&#8230; <\/p>\n<p>\u00a1es increible!   <\/p>\n<p>Personalmente, me encantan este tipo de sesiones por la paz y la alegr\u00eda que me transmiten.<\/p>\n<p>S\u00e9 por experiencia que los primeros momentos con tu beb\u00e9 son muy especiales y muy \u00edntimos, al fin y al cabo se trata de, poco a poco, ir creando una relaci\u00f3n con esa personita, ir conoci\u00e9ndola, e ir present\u00e1ndote. Pero tambi\u00e9n s\u00e9 por experiencia que el recuerdo de una sesi\u00f3n fotogr\u00e1fica es algo que merece la pena tener. Por ello planifico muy a medida las sesiones para beb\u00e9s, adapt\u00e1ndome a lo que ese peque\u00f1o ser necesita y a vosotros tambi\u00e9n, pap\u00e1s y mam\u00e1s, por supuesto. Trato de realizar sesiones cortas y tranquilas para molestaros lo m\u00ednimo posible, y en el momento en el que os encuentreis todos m\u00e1s predispuestos a ello. <\/p>\n<p>Contadme vuestro caso y seguro que encontramos el momento adecuado.<\/p>\n","protected":false},"excerpt":{"rendered":"<p>Cuando un beb\u00e9 nace un mundo nuevo parece aparecer ante nuestros ojos al mismo tiempo que el mundo anterior parece desajustarse como un rompecabezas que volvemos a iniciar. Aquello que antes era lo m\u00e1s urgente, pasa a ser bastante prescindible, y lo que jam\u00e1s se nos pas\u00f3 por la cabeza toma una importancia vital. Nos [&hellip;]<\/p>\n","protected":false},"author":1,"featured_media":21,"parent":0,"menu_order":0,"comment_status":"open","ping_status":"open","template":"","meta":{"_mi_skip_tracking":false},"_links":{"self":[{"href":"https:\/\/www.pimedios.com\/wordpress\/evamadrazo\/wp-json\/wp\/v2\/pages\/42"}],"collection":[{"href":"https:\/\/www.pimedios.com\/wordpress\/evamadrazo\/wp-json\/wp\/v2\/pages"}],"about":[{"href":"https:\/\/www.pimedios.com\/wordpress\/evamadrazo\/wp-json\/wp\/v2\/types\/page"}],"author":[{"embeddable":true,"href":"https:\/\/www.pimedios.com\/wordpress\/evamadrazo\/wp-json\/wp\/v2\/users\/1"}],"replies":[{"embeddable":true,"href":"https:\/\/www.pimedios.com\/wordpress\/evamadrazo\/wp-json\/wp\/v2\/comments?post=42"}],"version-history":[{"count":9,"href":"https:\/\/www.pimedios.com\/wordpress\/evamadrazo\/wp-json\/wp\/v2\/pages\/42\/revisions"}],"predecessor-version":[{"id":62,"href":"https:\/\/www.pimedios.com\/wordpress\/evamadrazo\/wp-json\/wp\/v2\/pages\/42\/revisions\/62"}],"wp:featuredmedia":[{"embeddable":true,"href":"https:\/\/www.pimedios.com\/wordpress\/evamadrazo\/wp-json\/wp\/v2\/media\/21"}],"wp:attachment":[{"href":"https:\/\/www.pimedios.com\/wordpress\/evamadrazo\/wp-json\/wp\/v2\/media?parent=42"}],"curies":[{"name":"wp","href":"https:\/\/api.w.org\/{rel}","templated":true}]}}