{"id":37,"date":"2014-02-22T09:23:27","date_gmt":"2014-02-22T09:23:27","guid":{"rendered":"http:\/\/www.pimedios.com\/wordpress\/evamadrazo\/?page_id=37"},"modified":"2016-04-05T11:42:19","modified_gmt":"2016-04-05T11:42:19","slug":"sesiones-fotograficas-para-embarazadas","status":"publish","type":"page","link":"https:\/\/www.pimedios.com\/wordpress\/evamadrazo\/sesiones-fotograficas-para-embarazadas\/","title":{"rendered":"Sesiones fotogr\u00e1ficas para embarazadas"},"content":{"rendered":"<p><a href=\"http:\/\/www.pimedios.com\/wordpress\/evamadrazo\/wp-content\/uploads\/sites\/3\/2014\/04\/200910010885_Monica.jpg\"><img decoding=\"async\" loading=\"lazy\" class=\"alignleft size-medium wp-image-74\" src=\"http:\/\/www.pimedios.com\/wordpress\/evamadrazo\/wp-content\/uploads\/sites\/3\/2014\/04\/200910010885_Monica-300x233.jpg\" alt=\"200910010885_Monica\" width=\"300\" height=\"233\" srcset=\"https:\/\/www.pimedios.com\/wordpress\/evamadrazo\/wp-content\/uploads\/sites\/3\/2014\/04\/200910010885_Monica-300x233.jpg 300w, https:\/\/www.pimedios.com\/wordpress\/evamadrazo\/wp-content\/uploads\/sites\/3\/2014\/04\/200910010885_Monica-1024x798.jpg 1024w, https:\/\/www.pimedios.com\/wordpress\/evamadrazo\/wp-content\/uploads\/sites\/3\/2014\/04\/200910010885_Monica.jpg 1500w\" sizes=\"(max-width: 300px) 100vw, 300px\" \/><\/a>Vivir un embarazo es sentir unas sensaciones y unos momentos \u00fanicos e irr\u00e9petibles, cada embarazo es especial y diferente, con mis im\u00e1genes pretendo atrapar un poco de esa magia y crear un recuerdo igualmente \u00fanico e irrepetible.<\/p>\n<p>S\u00e9 que cada persona es distinta y tiene diferentes necesidades, gustos o deseos, por ello ofrezco para cada caso un presupuesto personalizado.<\/p>\n<p>Como aproximaci\u00f3n, el resultado de una sesi\u00f3n fotogr\u00e1fica en torno a 2 horas en estudio o interiores, con varios cambios de ropa y\/o varios cambios de escenario puede ser de alrededor de 10-15 fotograf\u00edas que se entregan retocadas con la m\u00e1xima calidad en un DVD.<\/p>\n<p>En todo caso lo mejor es os pongais en contacto conmigo para que podamos incluir en el presupuesto cualquier deseo o sugerencia de vosotros, los futuros padres.<\/p>\n<p><strong>\u00a1Feliz embarazo!<\/strong><\/p>\n","protected":false},"excerpt":{"rendered":"<p>Vivir un embarazo es sentir unas sensaciones y unos momentos \u00fanicos e irr\u00e9petibles, cada embarazo es especial y diferente, con mis im\u00e1genes pretendo atrapar un poco de esa magia y crear un recuerdo igualmente \u00fanico e irrepetible. S\u00e9 que cada persona es distinta y tiene diferentes necesidades, gustos o deseos, por ello ofrezco para cada [&hellip;]<\/p>\n","protected":false},"author":1,"featured_media":74,"parent":0,"menu_order":0,"comment_status":"open","ping_status":"open","template":"","meta":{"_mi_skip_tracking":false},"_links":{"self":[{"href":"https:\/\/www.pimedios.com\/wordpress\/evamadrazo\/wp-json\/wp\/v2\/pages\/37"}],"collection":[{"href":"https:\/\/www.pimedios.com\/wordpress\/evamadrazo\/wp-json\/wp\/v2\/pages"}],"about":[{"href":"https:\/\/www.pimedios.com\/wordpress\/evamadrazo\/wp-json\/wp\/v2\/types\/page"}],"author":[{"embeddable":true,"href":"https:\/\/www.pimedios.com\/wordpress\/evamadrazo\/wp-json\/wp\/v2\/users\/1"}],"replies":[{"embeddable":true,"href":"https:\/\/www.pimedios.com\/wordpress\/evamadrazo\/wp-json\/wp\/v2\/comments?post=37"}],"version-history":[{"count":6,"href":"https:\/\/www.pimedios.com\/wordpress\/evamadrazo\/wp-json\/wp\/v2\/pages\/37\/revisions"}],"predecessor-version":[{"id":463,"href":"https:\/\/www.pimedios.com\/wordpress\/evamadrazo\/wp-json\/wp\/v2\/pages\/37\/revisions\/463"}],"wp:featuredmedia":[{"embeddable":true,"href":"https:\/\/www.pimedios.com\/wordpress\/evamadrazo\/wp-json\/wp\/v2\/media\/74"}],"wp:attachment":[{"href":"https:\/\/www.pimedios.com\/wordpress\/evamadrazo\/wp-json\/wp\/v2\/media?parent=37"}],"curies":[{"name":"wp","href":"https:\/\/api.w.org\/{rel}","templated":true}]}}